{"id":5188,"date":"2025-07-19T17:17:31","date_gmt":"2025-07-19T17:17:31","guid":{"rendered":"https:\/\/aleryoprefab.com\/materiaux-de-decoration-murale"},"modified":"2025-07-20T16:52:54","modified_gmt":"2025-07-20T16:52:54","slug":"wall-decorative-materials","status":"publish","type":"page","link":"https:\/\/aleryoprefab.com\/fr\/wall-decorative-materials","title":{"rendered":"Mat\u00e9riaux de d\u00e9coration murale"},"content":{"rendered":"\t\t<div data-elementor-type=\"wp-page\" data-elementor-id=\"5188\" class=\"elementor elementor-5188 elementor-4910\" data-elementor-post-type=\"page\">\n\t\t\t\t\t\t<section class=\"elementor-section elementor-top-section elementor-element elementor-element-5218c324 elementor-section-content-middle elementor-section-boxed elementor-section-height-default elementor-section-height-default\" data-id=\"5218c324\" data-element_type=\"section\" data-e-type=\"section\" data-settings=\"{&quot;background_background&quot;:&quot;classic&quot;,&quot;ekit_has_onepagescroll_dot&quot;:&quot;yes&quot;}\">\n\t\t\t\t\t\t\t<div class=\"elementor-background-overlay\"><\/div>\n\t\t\t\t\t\t\t<div class=\"elementor-container elementor-column-gap-wide\">\n\t\t\t\t\t<div class=\"elementor-column elementor-col-100 elementor-top-column elementor-element elementor-element-15fa3b49\" data-id=\"15fa3b49\" data-element_type=\"column\" data-e-type=\"column\">\n\t\t\t<div class=\"elementor-widget-wrap elementor-element-populated\">\n\t\t\t\t\t\t<div class=\"elementor-element elementor-element-45889d0f elementor-invisible elementor-widget elementor-widget-heading\" data-id=\"45889d0f\" data-element_type=\"widget\" data-e-type=\"widget\" data-settings=\"{&quot;_animation&quot;:&quot;fadeIn&quot;,&quot;_animation_delay&quot;:100,&quot;ekit_we_effect_on&quot;:&quot;none&quot;}\" data-widget_type=\"heading.default\">\n\t\t\t\t<div class=\"elementor-widget-container\">\n\t\t\t\t\t<h2 class=\"elementor-heading-title elementor-size-default\">Mat\u00e9riaux de d\u00e9coration murale<\/h2>\t\t\t\t<\/div>\n\t\t\t\t<\/div>\n\t\t\t\t<div class=\"elementor-element elementor-element-794ebe6e elementor-invisible elementor-widget elementor-widget-heading\" data-id=\"794ebe6e\" data-element_type=\"widget\" data-e-type=\"widget\" data-settings=\"{&quot;_animation&quot;:&quot;fadeIn&quot;,&quot;_animation_delay&quot;:150,&quot;ekit_we_effect_on&quot;:&quot;none&quot;}\" data-widget_type=\"heading.default\">\n\t\t\t\t<div class=\"elementor-widget-container\">\n\t\t\t\t\t<h2 class=\"elementor-heading-title elementor-size-default\">Les mat\u00e9riaux de d\u00e9coration murale constituent une cat\u00e9gorie compl\u00e8te de mat\u00e9riaux de construction utilis\u00e9s pour la d\u00e9coration murale. Il comprend une vari\u00e9t\u00e9 de panneaux aux caract\u00e9ristiques diff\u00e9rentes.<\/h2>\t\t\t\t<\/div>\n\t\t\t\t<\/div>\n\t\t\t\t\t<\/div>\n\t\t<\/div>\n\t\t\t\t\t<\/div>\n\t\t<\/section>\n\t\t\t\t<section class=\"elementor-section elementor-top-section elementor-element elementor-element-8b4f6c3 elementor-section-boxed elementor-section-height-default elementor-section-height-default\" data-id=\"8b4f6c3\" data-element_type=\"section\" data-e-type=\"section\" data-settings=\"{&quot;ekit_has_onepagescroll_dot&quot;:&quot;yes&quot;}\">\n\t\t\t\t\t\t<div class=\"elementor-container elementor-column-gap-default\">\n\t\t\t\t\t<div class=\"elementor-column elementor-col-100 elementor-top-column elementor-element elementor-element-07b0959\" data-id=\"07b0959\" data-element_type=\"column\" data-e-type=\"column\">\n\t\t\t<div class=\"elementor-widget-wrap elementor-element-populated\">\n\t\t\t\t\t\t<div class=\"elementor-element elementor-element-2496850 elementor-grid-eael-col-4 elementor-grid-tablet-eael-col-2 elementor-grid-mobile-eael-col-1 elementor-widget elementor-widget-eael-post-grid\" data-id=\"2496850\" data-element_type=\"widget\" data-e-type=\"widget\" data-settings=\"{&quot;eael_post_grid_columns&quot;:&quot;eael-col-4&quot;,&quot;eael_post_grid_columns_tablet&quot;:&quot;eael-col-2&quot;,&quot;eael_post_grid_columns_mobile&quot;:&quot;eael-col-1&quot;,&quot;ekit_we_effect_on&quot;:&quot;none&quot;}\" data-widget_type=\"eael-post-grid.default\">\n\t\t\t\t<div class=\"elementor-widget-container\">\n\t\t\t\t\t<div id=\"eael-post-grid-2496850\" class=\"eael-post-grid-container\">\n            <div class=\"eael-post-grid eael-post-appender eael-post-appender-2496850 eael-post-grid-style-default\" data-layout-mode=\"grid\"><article class=\"eael-grid-post eael-post-grid-column eael-pg-post-5393\" data-id=\"5393\">\n        <div class=\"eael-grid-post-holder\">\n            <div class=\"eael-grid-post-holder-inner\"><div class=\"eael-entry-wrapper\"><header class=\"eael-entry-header\"><h2 class=\"eael-entry-title\"><a\n                        class=\"eael-grid-post-link\"\n                        href=\"https:\/\/aleryoprefab.com\/fr\/product\/plaque-de-couverture-en-acier\"\n                        title=\"Plaque de couverture en acier\">Plaque de couverture en acier<\/a><\/h2><\/header><\/div><div class=\"eael-entry-media\"><div class=\"eael-entry-overlay fade-in\"><i class=\"fas fa-long-arrow-alt-right\" aria-hidden=\"true\"><\/i><a href=\"https:\/\/aleryoprefab.com\/fr\/product\/plaque-de-couverture-en-acier\"><\/a><\/div><div class=\"eael-entry-thumbnail \">\n                <img fetchpriority=\"high\" decoding=\"async\" width=\"800\" height=\"800\" src=\"https:\/\/aleryoprefab.com\/wp-content\/uploads\/2025\/07\/Durable-Color-Steel-Cover-Plates-for-Long-Lasting-Appeal.webp\" class=\"attachment-full size-full wp-image-4786\" alt=\"Durable Color Steel Cover Plates for Long-Lasting Appeal\" srcset=\"https:\/\/aleryoprefab.com\/wp-content\/uploads\/2025\/07\/Durable-Color-Steel-Cover-Plates-for-Long-Lasting-Appeal.webp 800w, https:\/\/aleryoprefab.com\/wp-content\/uploads\/2025\/07\/Durable-Color-Steel-Cover-Plates-for-Long-Lasting-Appeal-300x300.webp 300w, https:\/\/aleryoprefab.com\/wp-content\/uploads\/2025\/07\/Durable-Color-Steel-Cover-Plates-for-Long-Lasting-Appeal-150x150.webp 150w, https:\/\/aleryoprefab.com\/wp-content\/uploads\/2025\/07\/Durable-Color-Steel-Cover-Plates-for-Long-Lasting-Appeal-768x768.webp 768w\" sizes=\"(max-width: 800px) 100vw, 800px\" \/>\n            <\/div>\n        <\/div><\/div>\n        <\/div>\n    <\/article><article class=\"eael-grid-post eael-post-grid-column eael-pg-post-5407\" data-id=\"5407\">\n        <div class=\"eael-grid-post-holder\">\n            <div class=\"eael-grid-post-holder-inner\"><div class=\"eael-entry-wrapper\"><header class=\"eael-entry-header\"><h2 class=\"eael-entry-title\"><a\n                        class=\"eael-grid-post-link\"\n                        href=\"https:\/\/aleryoprefab.com\/fr\/product\/panneau-pre-revetu-inorganique\"\n                        title=\"Panneau pr\u00e9-rev\u00eatu inorganique\">Panneau pr\u00e9-rev\u00eatu inorganique<\/a><\/h2><\/header><\/div><div class=\"eael-entry-media\"><div class=\"eael-entry-overlay fade-in\"><i class=\"fas fa-long-arrow-alt-right\" aria-hidden=\"true\"><\/i><a href=\"https:\/\/aleryoprefab.com\/fr\/product\/panneau-pre-revetu-inorganique\"><\/a><\/div><div class=\"eael-entry-thumbnail \">\n                <img decoding=\"async\" width=\"800\" height=\"800\" src=\"https:\/\/aleryoprefab.com\/wp-content\/uploads\/2025\/06\/Fire-resistant-Inorganic-Pre-coated-Panels-for-Commercial-Buildings.webp\" class=\"attachment-full size-full wp-image-4772\" alt=\"Fire-resistant Inorganic Pre-coated Panels for Commercial Buildings\" srcset=\"https:\/\/aleryoprefab.com\/wp-content\/uploads\/2025\/06\/Fire-resistant-Inorganic-Pre-coated-Panels-for-Commercial-Buildings.webp 800w, https:\/\/aleryoprefab.com\/wp-content\/uploads\/2025\/06\/Fire-resistant-Inorganic-Pre-coated-Panels-for-Commercial-Buildings-300x300.webp 300w, https:\/\/aleryoprefab.com\/wp-content\/uploads\/2025\/06\/Fire-resistant-Inorganic-Pre-coated-Panels-for-Commercial-Buildings-150x150.webp 150w, https:\/\/aleryoprefab.com\/wp-content\/uploads\/2025\/06\/Fire-resistant-Inorganic-Pre-coated-Panels-for-Commercial-Buildings-768x768.webp 768w\" sizes=\"(max-width: 800px) 100vw, 800px\" \/>\n            <\/div>\n        <\/div><\/div>\n        <\/div>\n    <\/article><article class=\"eael-grid-post eael-post-grid-column eael-pg-post-5402\" data-id=\"5402\">\n        <div class=\"eael-grid-post-holder\">\n            <div class=\"eael-grid-post-holder-inner\"><div class=\"eael-entry-wrapper\"><header class=\"eael-entry-header\"><h2 class=\"eael-entry-title\"><a\n                        class=\"eael-grid-post-link\"\n                        href=\"https:\/\/aleryoprefab.com\/fr\/product\/panneau-en-cristal-de-carbone\"\n                        title=\"Panneau en cristal de carbone\">Panneau en cristal de carbone<\/a><\/h2><\/header><\/div><div class=\"eael-entry-media\"><div class=\"eael-entry-overlay fade-in\"><i class=\"fas fa-long-arrow-alt-right\" aria-hidden=\"true\"><\/i><a href=\"https:\/\/aleryoprefab.com\/fr\/product\/panneau-en-cristal-de-carbone\"><\/a><\/div><div class=\"eael-entry-thumbnail \">\n                <img decoding=\"async\" width=\"800\" height=\"800\" src=\"https:\/\/aleryoprefab.com\/wp-content\/uploads\/2025\/07\/Anti-Collision-Durable-Carbon-Crystal-Panels-for-High-Impact-Areas-e1752770436587.webp\" class=\"attachment-full size-full wp-image-4808\" alt=\"Anti-Collision &amp; Durable Carbon Crystal Panels for High-Impact Areas\" srcset=\"https:\/\/aleryoprefab.com\/wp-content\/uploads\/2025\/07\/Anti-Collision-Durable-Carbon-Crystal-Panels-for-High-Impact-Areas-e1752770436587.webp 800w, https:\/\/aleryoprefab.com\/wp-content\/uploads\/2025\/07\/Anti-Collision-Durable-Carbon-Crystal-Panels-for-High-Impact-Areas-e1752770436587-300x300.webp 300w, https:\/\/aleryoprefab.com\/wp-content\/uploads\/2025\/07\/Anti-Collision-Durable-Carbon-Crystal-Panels-for-High-Impact-Areas-e1752770436587-150x150.webp 150w, https:\/\/aleryoprefab.com\/wp-content\/uploads\/2025\/07\/Anti-Collision-Durable-Carbon-Crystal-Panels-for-High-Impact-Areas-e1752770436587-768x768.webp 768w\" sizes=\"(max-width: 800px) 100vw, 800px\" \/>\n            <\/div>\n        <\/div><\/div>\n        <\/div>\n    <\/article><article class=\"eael-grid-post eael-post-grid-column eael-pg-post-5330\" data-id=\"5330\">\n        <div class=\"eael-grid-post-holder\">\n            <div class=\"eael-grid-post-holder-inner\"><div class=\"eael-entry-wrapper\"><header class=\"eael-entry-header\"><h2 class=\"eael-entry-title\"><a\n                        class=\"eael-grid-post-link\"\n                        href=\"https:\/\/aleryoprefab.com\/fr\/product\/panneau-decoratif-a-base-de-gypse\"\n                        title=\"Panneau d\u00e9coratif \u00e0 base de gypse\">Panneau d\u00e9coratif \u00e0 base de gypse<\/a><\/h2><\/header><\/div><div class=\"eael-entry-media\"><div class=\"eael-entry-overlay fade-in\"><i class=\"fas fa-long-arrow-alt-right\" aria-hidden=\"true\"><\/i><a href=\"https:\/\/aleryoprefab.com\/fr\/product\/panneau-decoratif-a-base-de-gypse\"><\/a><\/div><div class=\"eael-entry-thumbnail \">\n                <img loading=\"lazy\" decoding=\"async\" width=\"800\" height=\"800\" src=\"https:\/\/aleryoprefab.com\/wp-content\/uploads\/2025\/07\/Customizable-Gypsum-based-Decorative-Panels-for-Unique-Designs.webp\" class=\"attachment-full size-full wp-image-4822\" alt=\"Customizable Gypsum-based Decorative Panels for Unique Designs\" srcset=\"https:\/\/aleryoprefab.com\/wp-content\/uploads\/2025\/07\/Customizable-Gypsum-based-Decorative-Panels-for-Unique-Designs.webp 800w, https:\/\/aleryoprefab.com\/wp-content\/uploads\/2025\/07\/Customizable-Gypsum-based-Decorative-Panels-for-Unique-Designs-300x300.webp 300w, https:\/\/aleryoprefab.com\/wp-content\/uploads\/2025\/07\/Customizable-Gypsum-based-Decorative-Panels-for-Unique-Designs-150x150.webp 150w, https:\/\/aleryoprefab.com\/wp-content\/uploads\/2025\/07\/Customizable-Gypsum-based-Decorative-Panels-for-Unique-Designs-768x768.webp 768w\" sizes=\"(max-width: 800px) 100vw, 800px\" \/>\n            <\/div>\n        <\/div><\/div>\n        <\/div>\n    <\/article><article class=\"eael-grid-post eael-post-grid-column eael-pg-post-5327\" data-id=\"5327\">\n        <div class=\"eael-grid-post-holder\">\n            <div class=\"eael-grid-post-holder-inner\"><div class=\"eael-entry-wrapper\"><header class=\"eael-entry-header\"><h2 class=\"eael-entry-title\"><a\n                        class=\"eael-grid-post-link\"\n                        href=\"https:\/\/aleryoprefab.com\/fr\/product\/panneau-decoratif-a-base-de-ciment\"\n                        title=\"Panneau d\u00e9coratif \u00e0 base de ciment\">Panneau d\u00e9coratif \u00e0 base de ciment<\/a><\/h2><\/header><\/div><div class=\"eael-entry-media\"><div class=\"eael-entry-overlay fade-in\"><i class=\"fas fa-long-arrow-alt-right\" aria-hidden=\"true\"><\/i><a href=\"https:\/\/aleryoprefab.com\/fr\/product\/panneau-decoratif-a-base-de-ciment\"><\/a><\/div><div class=\"eael-entry-thumbnail \">\n                <img loading=\"lazy\" decoding=\"async\" width=\"800\" height=\"800\" src=\"https:\/\/aleryoprefab.com\/wp-content\/uploads\/2025\/07\/Green-Natural-Cement-based-Decorative-Panels-for-Eco-Spaces.webp\" class=\"attachment-full size-full wp-image-4817\" alt=\"Green &amp; Natural Cement-based Decorative Panels for Eco Spaces\" srcset=\"https:\/\/aleryoprefab.com\/wp-content\/uploads\/2025\/07\/Green-Natural-Cement-based-Decorative-Panels-for-Eco-Spaces.webp 800w, https:\/\/aleryoprefab.com\/wp-content\/uploads\/2025\/07\/Green-Natural-Cement-based-Decorative-Panels-for-Eco-Spaces-300x300.webp 300w, https:\/\/aleryoprefab.com\/wp-content\/uploads\/2025\/07\/Green-Natural-Cement-based-Decorative-Panels-for-Eco-Spaces-150x150.webp 150w, https:\/\/aleryoprefab.com\/wp-content\/uploads\/2025\/07\/Green-Natural-Cement-based-Decorative-Panels-for-Eco-Spaces-768x768.webp 768w\" sizes=\"(max-width: 800px) 100vw, 800px\" \/>\n            <\/div>\n        <\/div><\/div>\n        <\/div>\n    <\/article><article class=\"eael-grid-post eael-post-grid-column eael-pg-post-5395\" data-id=\"5395\">\n        <div class=\"eael-grid-post-holder\">\n            <div class=\"eael-grid-post-holder-inner\"><div class=\"eael-entry-wrapper\"><header class=\"eael-entry-header\"><h2 class=\"eael-entry-title\"><a\n                        class=\"eael-grid-post-link\"\n                        href=\"https:\/\/aleryoprefab.com\/fr\/product\/panneau-de-revetement-en-pvc\"\n                        title=\"Panneau de rev\u00eatement en PVC\">Panneau de rev\u00eatement en PVC<\/a><\/h2><\/header><\/div><div class=\"eael-entry-media\"><div class=\"eael-entry-overlay fade-in\"><i class=\"fas fa-long-arrow-alt-right\" aria-hidden=\"true\"><\/i><a href=\"https:\/\/aleryoprefab.com\/fr\/product\/panneau-de-revetement-en-pvc\"><\/a><\/div><div class=\"eael-entry-thumbnail \">\n                <img loading=\"lazy\" decoding=\"async\" width=\"800\" height=\"800\" src=\"https:\/\/aleryoprefab.com\/wp-content\/uploads\/2025\/07\/Impact-Resistant-Durable-PVC-Cladding-Boards-for-High-Traffic-Areas.webp\" class=\"attachment-full size-full wp-image-4806\" alt=\"Impact-Resistant &amp; Durable PVC Cladding Boards for High-Traffic Areas\" srcset=\"https:\/\/aleryoprefab.com\/wp-content\/uploads\/2025\/07\/Impact-Resistant-Durable-PVC-Cladding-Boards-for-High-Traffic-Areas.webp 800w, https:\/\/aleryoprefab.com\/wp-content\/uploads\/2025\/07\/Impact-Resistant-Durable-PVC-Cladding-Boards-for-High-Traffic-Areas-300x300.webp 300w, https:\/\/aleryoprefab.com\/wp-content\/uploads\/2025\/07\/Impact-Resistant-Durable-PVC-Cladding-Boards-for-High-Traffic-Areas-150x150.webp 150w, https:\/\/aleryoprefab.com\/wp-content\/uploads\/2025\/07\/Impact-Resistant-Durable-PVC-Cladding-Boards-for-High-Traffic-Areas-768x768.webp 768w\" sizes=\"(max-width: 800px) 100vw, 800px\" \/>\n            <\/div>\n        <\/div><\/div>\n        <\/div>\n    <\/article><article class=\"eael-grid-post eael-post-grid-column eael-pg-post-5399\" data-id=\"5399\">\n        <div class=\"eael-grid-post-holder\">\n            <div class=\"eael-grid-post-holder-inner\"><div class=\"eael-entry-wrapper\"><header class=\"eael-entry-header\"><h2 class=\"eael-entry-title\"><a\n                        class=\"eael-grid-post-link\"\n                        href=\"https:\/\/aleryoprefab.com\/fr\/product\/panneau-de-fibres-de-bambou-et-de-bois\"\n                        title=\"Panneau de fibres de bambou et de bois\">Panneau de fibres de bambou et de bois<\/a><\/h2><\/header><\/div><div class=\"eael-entry-media\"><div class=\"eael-entry-overlay fade-in\"><i class=\"fas fa-long-arrow-alt-right\" aria-hidden=\"true\"><\/i><a href=\"https:\/\/aleryoprefab.com\/fr\/product\/panneau-de-fibres-de-bambou-et-de-bois\"><\/a><\/div><div class=\"eael-entry-thumbnail \">\n                <img loading=\"lazy\" decoding=\"async\" width=\"799\" height=\"800\" src=\"https:\/\/aleryoprefab.com\/wp-content\/uploads\/2025\/06\/Durable-Bamboo-wood-fiber-board.webp\" class=\"attachment-full size-full wp-image-4777\" alt=\"Durable Bamboo wood fiber board\" srcset=\"https:\/\/aleryoprefab.com\/wp-content\/uploads\/2025\/06\/Durable-Bamboo-wood-fiber-board.webp 799w, https:\/\/aleryoprefab.com\/wp-content\/uploads\/2025\/06\/Durable-Bamboo-wood-fiber-board-300x300.webp 300w, https:\/\/aleryoprefab.com\/wp-content\/uploads\/2025\/06\/Durable-Bamboo-wood-fiber-board-150x150.webp 150w, https:\/\/aleryoprefab.com\/wp-content\/uploads\/2025\/06\/Durable-Bamboo-wood-fiber-board-768x769.webp 768w\" sizes=\"(max-width: 799px) 100vw, 799px\" \/>\n            <\/div>\n        <\/div><\/div>\n        <\/div>\n    <\/article><article class=\"eael-grid-post eael-post-grid-column eael-pg-post-5412\" data-id=\"5412\">\n        <div class=\"eael-grid-post-holder\">\n            <div class=\"eael-grid-post-holder-inner\"><div class=\"eael-entry-wrapper\"><header class=\"eael-entry-header\"><h2 class=\"eael-entry-title\"><a\n                        class=\"eael-grid-post-link\"\n                        href=\"https:\/\/aleryoprefab.com\/fr\/product\/panneau-composite-metallique\"\n                        title=\"Panneau composite m\u00e9tallique\">Panneau composite m\u00e9tallique<\/a><\/h2><\/header><\/div><div class=\"eael-entry-media\"><div class=\"eael-entry-overlay fade-in\"><i class=\"fas fa-long-arrow-alt-right\" aria-hidden=\"true\"><\/i><a href=\"https:\/\/aleryoprefab.com\/fr\/product\/panneau-composite-metallique\"><\/a><\/div><div class=\"eael-entry-thumbnail \">\n                <img loading=\"lazy\" decoding=\"async\" width=\"800\" height=\"800\" src=\"https:\/\/aleryoprefab.com\/wp-content\/uploads\/2025\/07\/Sound-Insulation-Metal-Composite-Panels-for-Quiet-Spaces.webp\" class=\"attachment-full size-full wp-image-4791\" alt=\"Sound Insulation Metal Composite Panels for Quiet Spaces\" srcset=\"https:\/\/aleryoprefab.com\/wp-content\/uploads\/2025\/07\/Sound-Insulation-Metal-Composite-Panels-for-Quiet-Spaces.webp 800w, https:\/\/aleryoprefab.com\/wp-content\/uploads\/2025\/07\/Sound-Insulation-Metal-Composite-Panels-for-Quiet-Spaces-300x300.webp 300w, https:\/\/aleryoprefab.com\/wp-content\/uploads\/2025\/07\/Sound-Insulation-Metal-Composite-Panels-for-Quiet-Spaces-150x150.webp 150w, https:\/\/aleryoprefab.com\/wp-content\/uploads\/2025\/07\/Sound-Insulation-Metal-Composite-Panels-for-Quiet-Spaces-768x768.webp 768w\" sizes=\"(max-width: 800px) 100vw, 800px\" \/>\n            <\/div>\n        <\/div><\/div>\n        <\/div>\n    <\/article><article class=\"eael-grid-post eael-post-grid-column eael-pg-post-5418\" data-id=\"5418\">\n        <div class=\"eael-grid-post-holder\">\n            <div class=\"eael-grid-post-holder-inner\"><div class=\"eael-entry-wrapper\"><header class=\"eael-entry-header\"><h2 class=\"eael-entry-title\"><a\n                        class=\"eael-grid-post-link\"\n                        href=\"https:\/\/aleryoprefab.com\/fr\/product\/panneau-antibacterien\"\n                        title=\"Panneau antibact\u00e9rien\">Panneau antibact\u00e9rien<\/a><\/h2><\/header><\/div><div class=\"eael-entry-media\"><div class=\"eael-entry-overlay fade-in\"><i class=\"fas fa-long-arrow-alt-right\" aria-hidden=\"true\"><\/i><a href=\"https:\/\/aleryoprefab.com\/fr\/product\/panneau-antibacterien\"><\/a><\/div><div class=\"eael-entry-thumbnail \">\n                <img loading=\"lazy\" decoding=\"async\" width=\"800\" height=\"800\" src=\"https:\/\/aleryoprefab.com\/wp-content\/uploads\/2025\/07\/Durable-Color-Anti-Bacterial-Boards-for-Long-Lasting-Aesthetics.webp\" class=\"attachment-full size-full wp-image-4799\" alt=\"Durable Color Anti-Bacterial Boards for Long-Lasting Aesthetics\" srcset=\"https:\/\/aleryoprefab.com\/wp-content\/uploads\/2025\/07\/Durable-Color-Anti-Bacterial-Boards-for-Long-Lasting-Aesthetics.webp 800w, https:\/\/aleryoprefab.com\/wp-content\/uploads\/2025\/07\/Durable-Color-Anti-Bacterial-Boards-for-Long-Lasting-Aesthetics-300x300.webp 300w, https:\/\/aleryoprefab.com\/wp-content\/uploads\/2025\/07\/Durable-Color-Anti-Bacterial-Boards-for-Long-Lasting-Aesthetics-150x150.webp 150w, https:\/\/aleryoprefab.com\/wp-content\/uploads\/2025\/07\/Durable-Color-Anti-Bacterial-Boards-for-Long-Lasting-Aesthetics-768x768.webp 768w\" sizes=\"(max-width: 800px) 100vw, 800px\" \/>\n            <\/div>\n        <\/div><\/div>\n        <\/div>\n    <\/article><\/div>\n            <div class=\"clearfix\"><\/div>\n        <\/div>\t\t\t\t<\/div>\n\t\t\t\t<\/div>\n\t\t\t\t\t<\/div>\n\t\t<\/div>\n\t\t\t\t\t<\/div>\n\t\t<\/section>\n\t\t\t\t<\/div>\n\t\t","protected":false},"excerpt":{"rendered":"<p>Mat\u00e9riaux de d\u00e9coration murale Les mat\u00e9riaux de d\u00e9coration murale constituent une cat\u00e9gorie compl\u00e8te de mat\u00e9riaux de construction utilis\u00e9s pour la d\u00e9coration murale. Il comprend une vari\u00e9t\u00e9 de panneaux aux caract\u00e9ristiques diff\u00e9rentes. Steel Cover Plate PVC Cladding Board Metal Composite Panel Inorganic Pre-coated Panel Gypsum-based Decorative Panel Cement-based Decorative Panel Carbon Crystal Panel Bamboo-wood fiber board&#8230;<\/p>\n","protected":false},"author":1,"featured_media":0,"parent":0,"menu_order":0,"comment_status":"closed","ping_status":"closed","template":"","meta":{"_acf_changed":false,"_kad_post_transparent":"","_kad_post_title":"","_kad_post_layout":"","_kad_post_sidebar_id":"","_kad_post_content_style":"","_kad_post_vertical_padding":"","_kad_post_feature":"","_kad_post_feature_position":"","_kad_post_header":false,"_kad_post_footer":false,"footnotes":""},"class_list":["post-5188","page","type-page","status-publish","hentry"],"acf":[],"amp_enabled":true,"_links":{"self":[{"href":"https:\/\/aleryoprefab.com\/fr\/wp-json\/wp\/v2\/pages\/5188","targetHints":{"allow":["GET"]}}],"collection":[{"href":"https:\/\/aleryoprefab.com\/fr\/wp-json\/wp\/v2\/pages"}],"about":[{"href":"https:\/\/aleryoprefab.com\/fr\/wp-json\/wp\/v2\/types\/page"}],"author":[{"embeddable":true,"href":"https:\/\/aleryoprefab.com\/fr\/wp-json\/wp\/v2\/users\/1"}],"replies":[{"embeddable":true,"href":"https:\/\/aleryoprefab.com\/fr\/wp-json\/wp\/v2\/comments?post=5188"}],"version-history":[{"count":5,"href":"https:\/\/aleryoprefab.com\/fr\/wp-json\/wp\/v2\/pages\/5188\/revisions"}],"predecessor-version":[{"id":5475,"href":"https:\/\/aleryoprefab.com\/fr\/wp-json\/wp\/v2\/pages\/5188\/revisions\/5475"}],"wp:attachment":[{"href":"https:\/\/aleryoprefab.com\/fr\/wp-json\/wp\/v2\/media?parent=5188"}],"curies":[{"name":"wp","href":"https:\/\/api.w.org\/{rel}","templated":true}]}}