{"id":5189,"date":"2025-07-19T17:59:28","date_gmt":"2025-07-19T17:59:28","guid":{"rendered":"https:\/\/aleryoprefab.com\/materiaux-de-decoration-des-sols"},"modified":"2025-07-20T16:49:54","modified_gmt":"2025-07-20T16:49:54","slug":"floor-decorative-materials","status":"publish","type":"page","link":"https:\/\/aleryoprefab.com\/fr\/floor-decorative-materials","title":{"rendered":"Mat\u00e9riaux de d\u00e9coration des sols"},"content":{"rendered":"\t\t<div data-elementor-type=\"wp-page\" data-elementor-id=\"5189\" class=\"elementor elementor-5189 elementor-4942\" data-elementor-post-type=\"page\">\n\t\t\t\t\t\t<section class=\"elementor-section elementor-top-section elementor-element elementor-element-5218c324 elementor-section-content-middle elementor-section-boxed elementor-section-height-default elementor-section-height-default\" data-id=\"5218c324\" data-element_type=\"section\" data-e-type=\"section\" data-settings=\"{&quot;background_background&quot;:&quot;classic&quot;,&quot;ekit_has_onepagescroll_dot&quot;:&quot;yes&quot;}\">\n\t\t\t\t\t\t\t<div class=\"elementor-background-overlay\"><\/div>\n\t\t\t\t\t\t\t<div class=\"elementor-container elementor-column-gap-wide\">\n\t\t\t\t\t<div class=\"elementor-column elementor-col-100 elementor-top-column elementor-element elementor-element-15fa3b49\" data-id=\"15fa3b49\" data-element_type=\"column\" data-e-type=\"column\">\n\t\t\t<div class=\"elementor-widget-wrap elementor-element-populated\">\n\t\t\t\t\t\t<div class=\"elementor-element elementor-element-45889d0f elementor-invisible elementor-widget elementor-widget-heading\" data-id=\"45889d0f\" data-element_type=\"widget\" data-e-type=\"widget\" data-settings=\"{&quot;_animation&quot;:&quot;fadeIn&quot;,&quot;_animation_delay&quot;:100,&quot;ekit_we_effect_on&quot;:&quot;none&quot;}\" data-widget_type=\"heading.default\">\n\t\t\t\t<div class=\"elementor-widget-container\">\n\t\t\t\t\t<h2 class=\"elementor-heading-title elementor-size-default\">Mat\u00e9riaux de d\u00e9coration des sols<\/h2>\t\t\t\t<\/div>\n\t\t\t\t<\/div>\n\t\t\t\t<div class=\"elementor-element elementor-element-794ebe6e elementor-invisible elementor-widget elementor-widget-heading\" data-id=\"794ebe6e\" data-element_type=\"widget\" data-e-type=\"widget\" data-settings=\"{&quot;_animation&quot;:&quot;fadeIn&quot;,&quot;_animation_delay&quot;:150,&quot;ekit_we_effect_on&quot;:&quot;none&quot;}\" data-widget_type=\"heading.default\">\n\t\t\t\t<div class=\"elementor-widget-container\">\n\t\t\t\t\t<h2 class=\"elementor-heading-title elementor-size-default\">Trois mat\u00e9riaux de d\u00e9coration de sol courants pour la d\u00e9coration int\u00e9rieure m\u00e9ritent d'\u00eatre signal\u00e9s.<\/h2>\t\t\t\t<\/div>\n\t\t\t\t<\/div>\n\t\t\t\t\t<\/div>\n\t\t<\/div>\n\t\t\t\t\t<\/div>\n\t\t<\/section>\n\t\t\t\t<section class=\"elementor-section elementor-top-section elementor-element elementor-element-8b4f6c3 elementor-section-boxed elementor-section-height-default elementor-section-height-default\" data-id=\"8b4f6c3\" data-element_type=\"section\" data-e-type=\"section\" data-settings=\"{&quot;ekit_has_onepagescroll_dot&quot;:&quot;yes&quot;}\">\n\t\t\t\t\t\t<div class=\"elementor-container elementor-column-gap-default\">\n\t\t\t\t\t<div class=\"elementor-column elementor-col-100 elementor-top-column elementor-element elementor-element-07b0959\" data-id=\"07b0959\" data-element_type=\"column\" data-e-type=\"column\">\n\t\t\t<div class=\"elementor-widget-wrap elementor-element-populated\">\n\t\t\t\t\t\t<div class=\"elementor-element elementor-element-2496850 elementor-grid-eael-col-3 elementor-grid-tablet-eael-col-2 elementor-grid-mobile-eael-col-1 elementor-widget elementor-widget-eael-post-grid\" data-id=\"2496850\" data-element_type=\"widget\" data-e-type=\"widget\" data-settings=\"{&quot;eael_post_grid_columns&quot;:&quot;eael-col-3&quot;,&quot;eael_post_grid_columns_tablet&quot;:&quot;eael-col-2&quot;,&quot;eael_post_grid_columns_mobile&quot;:&quot;eael-col-1&quot;,&quot;ekit_we_effect_on&quot;:&quot;none&quot;}\" data-widget_type=\"eael-post-grid.default\">\n\t\t\t\t<div class=\"elementor-widget-container\">\n\t\t\t\t\t<div id=\"eael-post-grid-2496850\" class=\"eael-post-grid-container\">\n            <div class=\"eael-post-grid eael-post-appender eael-post-appender-2496850 eael-post-grid-style-default\" data-layout-mode=\"grid\"><article class=\"eael-grid-post eael-post-grid-column eael-pg-post-5348\" data-id=\"5348\">\n        <div class=\"eael-grid-post-holder\">\n            <div class=\"eael-grid-post-holder-inner\"><div class=\"eael-entry-wrapper\"><header class=\"eael-entry-header\"><h2 class=\"eael-entry-title\"><a\n                        class=\"eael-grid-post-link\"\n                        href=\"https:\/\/aleryoprefab.com\/fr\/product\/revetement-de-sol-ignifuge-de-classe-a\"\n                        title=\"Rev\u00eatement de sol ignifuge de classe A\">Rev\u00eatement de sol ignifuge de classe A<\/a><\/h2><\/header><\/div><div class=\"eael-entry-media\"><div class=\"eael-entry-overlay fade-in\"><i class=\"fas fa-long-arrow-alt-right\" aria-hidden=\"true\"><\/i><a href=\"https:\/\/aleryoprefab.com\/fr\/product\/revetement-de-sol-ignifuge-de-classe-a\"><\/a><\/div><div class=\"eael-entry-thumbnail \">\n                <img fetchpriority=\"high\" decoding=\"async\" width=\"800\" height=\"800\" src=\"https:\/\/aleryoprefab.com\/wp-content\/uploads\/2025\/07\/Shock-resistant-Class-A-fire-resistant-flooring.webp\" class=\"attachment-full size-full wp-image-4868\" alt=\"Shock-resistant Class-A fire-resistant flooring\" srcset=\"https:\/\/aleryoprefab.com\/wp-content\/uploads\/2025\/07\/Shock-resistant-Class-A-fire-resistant-flooring.webp 800w, https:\/\/aleryoprefab.com\/wp-content\/uploads\/2025\/07\/Shock-resistant-Class-A-fire-resistant-flooring-300x300.webp 300w, https:\/\/aleryoprefab.com\/wp-content\/uploads\/2025\/07\/Shock-resistant-Class-A-fire-resistant-flooring-150x150.webp 150w, https:\/\/aleryoprefab.com\/wp-content\/uploads\/2025\/07\/Shock-resistant-Class-A-fire-resistant-flooring-768x768.webp 768w\" sizes=\"(max-width: 800px) 100vw, 800px\" \/>\n            <\/div>\n        <\/div><\/div>\n        <\/div>\n    <\/article><article class=\"eael-grid-post eael-post-grid-column eael-pg-post-5374\" data-id=\"5374\">\n        <div class=\"eael-grid-post-holder\">\n            <div class=\"eael-grid-post-holder-inner\"><div class=\"eael-entry-wrapper\"><header class=\"eael-entry-header\"><h2 class=\"eael-entry-title\"><a\n                        class=\"eael-grid-post-link\"\n                        href=\"https:\/\/aleryoprefab.com\/fr\/product\/revetement-de-sol-en-composite-pierre-plastique\"\n                        title=\"Rev\u00eatement de sol en composite pierre-plastique\">Rev\u00eatement de sol en composite pierre-plastique<\/a><\/h2><\/header><\/div><div class=\"eael-entry-media\"><div class=\"eael-entry-overlay fade-in\"><i class=\"fas fa-long-arrow-alt-right\" aria-hidden=\"true\"><\/i><a href=\"https:\/\/aleryoprefab.com\/fr\/product\/revetement-de-sol-en-composite-pierre-plastique\"><\/a><\/div><div class=\"eael-entry-thumbnail \">\n                <img decoding=\"async\" width=\"800\" height=\"800\" src=\"https:\/\/aleryoprefab.com\/wp-content\/uploads\/2025\/07\/Sturdy-fire-retardant-stone-plastic-flooring.webp\" class=\"attachment-full size-full wp-image-4881\" alt=\"Sturdy fire-retardant stone plastic flooring\" srcset=\"https:\/\/aleryoprefab.com\/wp-content\/uploads\/2025\/07\/Sturdy-fire-retardant-stone-plastic-flooring.webp 800w, https:\/\/aleryoprefab.com\/wp-content\/uploads\/2025\/07\/Sturdy-fire-retardant-stone-plastic-flooring-300x300.webp 300w, https:\/\/aleryoprefab.com\/wp-content\/uploads\/2025\/07\/Sturdy-fire-retardant-stone-plastic-flooring-150x150.webp 150w, https:\/\/aleryoprefab.com\/wp-content\/uploads\/2025\/07\/Sturdy-fire-retardant-stone-plastic-flooring-768x768.webp 768w\" sizes=\"(max-width: 800px) 100vw, 800px\" \/>\n            <\/div>\n        <\/div><\/div>\n        <\/div>\n    <\/article><article class=\"eael-grid-post eael-post-grid-column eael-pg-post-5360\" data-id=\"5360\">\n        <div class=\"eael-grid-post-holder\">\n            <div class=\"eael-grid-post-holder-inner\"><div class=\"eael-entry-wrapper\"><header class=\"eael-entry-header\"><h2 class=\"eael-entry-title\"><a\n                        class=\"eael-grid-post-link\"\n                        href=\"https:\/\/aleryoprefab.com\/fr\/product\/dalles-de-moquette\"\n                        title=\"Dalles de moquette\">Dalles de moquette<\/a><\/h2><\/header><\/div><div class=\"eael-entry-media\"><div class=\"eael-entry-overlay fade-in\"><i class=\"fas fa-long-arrow-alt-right\" aria-hidden=\"true\"><\/i><a href=\"https:\/\/aleryoprefab.com\/fr\/product\/dalles-de-moquette\"><\/a><\/div><div class=\"eael-entry-thumbnail \">\n                <img decoding=\"async\" width=\"800\" height=\"800\" src=\"https:\/\/aleryoprefab.com\/wp-content\/uploads\/2025\/07\/Seamless-splicing-carpet-tiles-for-offices.webp\" class=\"attachment-full size-full wp-image-4875\" alt=\"Seamless splicing carpet tiles for offices\" srcset=\"https:\/\/aleryoprefab.com\/wp-content\/uploads\/2025\/07\/Seamless-splicing-carpet-tiles-for-offices.webp 800w, https:\/\/aleryoprefab.com\/wp-content\/uploads\/2025\/07\/Seamless-splicing-carpet-tiles-for-offices-300x300.webp 300w, https:\/\/aleryoprefab.com\/wp-content\/uploads\/2025\/07\/Seamless-splicing-carpet-tiles-for-offices-150x150.webp 150w, https:\/\/aleryoprefab.com\/wp-content\/uploads\/2025\/07\/Seamless-splicing-carpet-tiles-for-offices-768x768.webp 768w\" sizes=\"(max-width: 800px) 100vw, 800px\" \/>\n            <\/div>\n        <\/div><\/div>\n        <\/div>\n    <\/article><\/div>\n            <div class=\"clearfix\"><\/div>\n        <\/div>\t\t\t\t<\/div>\n\t\t\t\t<\/div>\n\t\t\t\t\t<\/div>\n\t\t<\/div>\n\t\t\t\t\t<\/div>\n\t\t<\/section>\n\t\t\t\t<\/div>\n\t\t","protected":false},"excerpt":{"rendered":"<p>Mat\u00e9riaux de d\u00e9coration des sols Trois mat\u00e9riaux de d\u00e9coration de sol courants pour la d\u00e9coration int\u00e9rieure m\u00e9ritent d&rsquo;\u00eatre signal\u00e9s. Stone Plastic Composite flooring Class-A fire-resistant flooring Carpet tiles<\/p>\n","protected":false},"author":1,"featured_media":0,"parent":0,"menu_order":0,"comment_status":"closed","ping_status":"closed","template":"","meta":{"_acf_changed":false,"_kad_post_transparent":"","_kad_post_title":"hide","_kad_post_layout":"fullwidth","_kad_post_sidebar_id":"","_kad_post_content_style":"unboxed","_kad_post_vertical_padding":"hide","_kad_post_feature":"hide","_kad_post_feature_position":"","_kad_post_header":false,"_kad_post_footer":false,"footnotes":""},"class_list":["post-5189","page","type-page","status-publish","hentry"],"acf":[],"amp_enabled":true,"_links":{"self":[{"href":"https:\/\/aleryoprefab.com\/fr\/wp-json\/wp\/v2\/pages\/5189","targetHints":{"allow":["GET"]}}],"collection":[{"href":"https:\/\/aleryoprefab.com\/fr\/wp-json\/wp\/v2\/pages"}],"about":[{"href":"https:\/\/aleryoprefab.com\/fr\/wp-json\/wp\/v2\/types\/page"}],"author":[{"embeddable":true,"href":"https:\/\/aleryoprefab.com\/fr\/wp-json\/wp\/v2\/users\/1"}],"replies":[{"embeddable":true,"href":"https:\/\/aleryoprefab.com\/fr\/wp-json\/wp\/v2\/comments?post=5189"}],"version-history":[{"count":5,"href":"https:\/\/aleryoprefab.com\/fr\/wp-json\/wp\/v2\/pages\/5189\/revisions"}],"predecessor-version":[{"id":5471,"href":"https:\/\/aleryoprefab.com\/fr\/wp-json\/wp\/v2\/pages\/5189\/revisions\/5471"}],"wp:attachment":[{"href":"https:\/\/aleryoprefab.com\/fr\/wp-json\/wp\/v2\/media?parent=5189"}],"curies":[{"name":"wp","href":"https:\/\/api.w.org\/{rel}","templated":true}]}}